{"id":89,"date":"2020-06-13T22:57:16","date_gmt":"2020-06-14T01:57:16","guid":{"rendered":"http:\/\/resr92.tech\/?page_id=89"},"modified":"2020-06-13T22:57:16","modified_gmt":"2020-06-14T01:57:16","slug":"paysandu","status":"publish","type":"page","link":"https:\/\/esportespa.com.br\/index.php\/paysandu\/","title":{"rendered":"Times Hist\u00f3ricos: Paysandu"},"content":{"rendered":"\n<p>Voc\u00ea \u00e9 capaz de adivinhar os jogadores titulares dos times hist\u00f3ricos do Paysandu? S\u00e3o 08 times que marcaram a hist\u00f3ria do clube. S\u00e3o 10 minutos e 96 nomes. Quando estiver pronto, clique em PLAY. Depois \u00e9 s\u00f3 preencher o campo e, se estiver correto, o jogador ser\u00e1 adicionado ao time. <\/p>\n\n\n\n<p>N\u00e3o se esque\u00e7a de desafiar os seus amigos e ver quem acerta mais. N\u00e3o vale colar, hein?! Pronto? Aperta no Play e se joga!<\/p>\n\n\n\n<iframe frameborder=\"0\" scrolling=\"no\" marginheight=\"0\" marginwidth=\"0\" id=\"spFrame5edc04827a244\" src=\"https:\/\/www.sporcle.com\/framed\/?v=8&amp;pm&amp;gid=1d2ad53312bb&amp;fid=5edc04827a244&amp;width=100%\" style=\"width:100%;\"><\/iframe>\n<script type=\"text\/javascript\" src=\"https:\/\/www.sporcle.com\/embed\/embed.js?v=5edc04827a244\"><\/script>\n\n\n\n<p><\/p>\n","protected":false},"excerpt":{"rendered":"<p>Voc\u00ea \u00e9 capaz de adivinhar os jogadores titulares dos times hist\u00f3ricos do Paysandu? S\u00e3o 08<\/p>\n","protected":false},"author":1,"featured_media":0,"parent":0,"menu_order":0,"comment_status":"open","ping_status":"closed","template":"","meta":{"footnotes":""},"class_list":["post-89","page","type-page","status-publish","hentry"],"_links":{"self":[{"href":"https:\/\/esportespa.com.br\/index.php\/wp-json\/wp\/v2\/pages\/89","targetHints":{"allow":["GET"]}}],"collection":[{"href":"https:\/\/esportespa.com.br\/index.php\/wp-json\/wp\/v2\/pages"}],"about":[{"href":"https:\/\/esportespa.com.br\/index.php\/wp-json\/wp\/v2\/types\/page"}],"author":[{"embeddable":true,"href":"https:\/\/esportespa.com.br\/index.php\/wp-json\/wp\/v2\/users\/1"}],"replies":[{"embeddable":true,"href":"https:\/\/esportespa.com.br\/index.php\/wp-json\/wp\/v2\/comments?post=89"}],"version-history":[{"count":0,"href":"https:\/\/esportespa.com.br\/index.php\/wp-json\/wp\/v2\/pages\/89\/revisions"}],"wp:attachment":[{"href":"https:\/\/esportespa.com.br\/index.php\/wp-json\/wp\/v2\/media?parent=89"}],"curies":[{"name":"wp","href":"https:\/\/api.w.org\/{rel}","templated":true}]}}